{"id":1092,"date":"2022-11-20T11:58:22","date_gmt":"2022-11-20T10:58:22","guid":{"rendered":"https:\/\/maap.umh.es\/?page_id=1092"},"modified":"2022-11-21T22:40:38","modified_gmt":"2022-11-21T21:40:38","slug":"lineas-de-investigacion","status":"publish","type":"page","link":"https:\/\/maap.umh.es\/ca\/lineas-de-investigacion\/","title":{"rendered":"<span lang=\"es\">(Espa\u00f1ol) L\u00edneas de investigaci\u00f3n<\/span>"},"content":{"rendered":"<p>[et_pb_section fb_built=&#8221;1&#8243; _builder_version=&#8221;4.16&#8243; global_colors_info=&#8221;{}&#8221;][et_pb_row _builder_version=&#8221;4.16&#8243; background_size=&#8221;initial&#8221; background_position=&#8221;top_left&#8221; background_repeat=&#8221;repeat&#8221; global_colors_info=&#8221;{}&#8221;][et_pb_column type=&#8221;4_4&#8243; _builder_version=&#8221;4.16&#8243; custom_padding=&#8221;|||&#8221; global_colors_info=&#8221;{}&#8221; custom_padding__hover=&#8221;|||&#8221;][et_pb_text _builder_version=&#8221;4.16&#8243; background_size=&#8221;initial&#8221; background_position=&#8221;top_left&#8221; background_repeat=&#8221;repeat&#8221; global_colors_info=&#8221;{}&#8221;]<\/p>\n<h2>L\u00edneas de investigaci\u00f3n<\/h2>\n<p>&nbsp;<\/p>\n<p>1. <a href=\"https:\/\/maap.umh.es\/estudio-de-casos\/\">Arqueolog\u00eda de los medios como pr\u00e1ctica art\u00edstica: tipolog\u00edas y estudio de casos<\/a><\/p>\n<p>2. <a href=\"https:\/\/maap.umh.es\/dispositivos-especulativos\/\">Dispositivos especulativos e imaginarios como reflexi\u00f3n \/ acci\u00f3n sobre la historia de los medios<\/a><\/p>\n<p>3. <a href=\"https:\/\/maap.umh.es\/esteticas-narrativas\/\">Est\u00e9ticas narrativas e interactivas en los dispositivos mediales<\/a><\/p>\n<p>4. <a href=\"https:\/\/maap.umh.es\/paisaje-y-metapaisaje\/\">Paisaje y <em>metapaisaje<\/em> en relaci\u00f3n a los medios art\u00edsticos y tecnol\u00f3gicos<\/a> <\/p>\n<p>5. <a href=\"https:\/\/maap.umh.es\/temporalidades-de-lo-acustico\/\">Temporalidades de lo ac\u00fastico en el discurso art\u00edstico<\/a><\/p>\n<p>6. <a href=\"https:\/\/maap.umh.es\/el-espacio-hertziano\/\">El espacio hertziano como <em>site<\/em><\/a><\/p>\n<p>&nbsp;<\/p>\n<p>[\/et_pb_text][\/et_pb_column][\/et_pb_row][\/et_pb_section]<\/p>\n","protected":false},"excerpt":{"rendered":"<p>L\u00edneas de investigaci\u00f3n &nbsp; 1. Arqueolog\u00eda de los medios como pr\u00e1ctica art\u00edstica: tipolog\u00edas y estudio de casos 2. Dispositivos especulativos e imaginarios como reflexi\u00f3n \/ acci\u00f3n sobre la historia de los medios 3. Est\u00e9ticas narrativas e interactivas en los dispositivos mediales 4. Paisaje y metapaisaje en relaci\u00f3n a los medios art\u00edsticos y tecnol\u00f3gicos 5. Temporalidades [&hellip;]<\/p>\n","protected":false},"author":2710,"featured_media":0,"parent":0,"menu_order":0,"comment_status":"closed","ping_status":"closed","template":"","meta":{"_et_pb_use_builder":"on","_et_pb_old_content":"","_et_gb_content_width":"","_links_to":"","_links_to_target":""},"_links":{"self":[{"href":"https:\/\/maap.umh.es\/ca\/wp-json\/wp\/v2\/pages\/1092"}],"collection":[{"href":"https:\/\/maap.umh.es\/ca\/wp-json\/wp\/v2\/pages"}],"about":[{"href":"https:\/\/maap.umh.es\/ca\/wp-json\/wp\/v2\/types\/page"}],"author":[{"embeddable":true,"href":"https:\/\/maap.umh.es\/ca\/wp-json\/wp\/v2\/users\/2710"}],"replies":[{"embeddable":true,"href":"https:\/\/maap.umh.es\/ca\/wp-json\/wp\/v2\/comments?post=1092"}],"version-history":[{"count":0,"href":"https:\/\/maap.umh.es\/ca\/wp-json\/wp\/v2\/pages\/1092\/revisions"}],"wp:attachment":[{"href":"https:\/\/maap.umh.es\/ca\/wp-json\/wp\/v2\/media?parent=1092"}],"curies":[{"name":"wp","href":"https:\/\/api.w.org\/{rel}","templated":true}]}}