{"id":114,"date":"2020-04-27T23:16:50","date_gmt":"2020-04-27T21:16:50","guid":{"rendered":"https:\/\/maap.umh.es\/?page_id=114"},"modified":"2022-01-27T20:12:00","modified_gmt":"2022-01-27T19:12:00","slug":"david-trujillo-ruiz","status":"publish","type":"page","link":"https:\/\/maap.umh.es\/ca\/david-trujillo-ruiz\/","title":{"rendered":"David Trujillo Ruiz"},"content":{"rendered":"<p>[et_pb_section fb_built=&#8221;1&#8243; fullwidth=&#8221;on&#8221; admin_label=&#8221;Secci\u00f3n&#8221; _builder_version=&#8221;4.2.2&#8243; min_height=&#8221;36px&#8221; border_width_all=&#8221;2px&#8221; border_color_all=&#8221;rgba(51,51,51,0)&#8221; global_module=&#8221;709&#8243; saved_tabs=&#8221;all&#8221;][et_pb_fullwidth_menu menu_id=&#8221;298916&#8243; menu_style=&#8221;centered&#8221; submenu_direction=&#8221;downwards&#8221; fullwidth_menu=&#8221;off&#8221; active_link_color=&#8221;#000000&#8243; dropdown_menu_bg_color=&#8221;#8f8f8f&#8221; dropdown_menu_line_color=&#8221;#ffffff&#8221; dropdown_menu_text_color=&#8221;#ffffff&#8221; dropdown_menu_active_link_color=&#8221;#88c4dd&#8221; logo_url=&#8221;https:\/\/maap.umh.es\/&#8221; logo_max_width=&#8221;23%&#8221; module_class=&#8221;menuNavegacion&#8221; _builder_version=&#8221;4.2.2&#8243; menu_font=&#8221;Noto Sans|||||||#000000|&#8221; menu_text_color=&#8221;rgba(10,0,0,0.49)&#8221; menu_font_size=&#8221;16px&#8221; menu_letter_spacing=&#8221;0.5px&#8221; background_layout=&#8221;dark&#8221; custom_css_menu_link=&#8221;text-decoration: none;&#8221; border_width_bottom=&#8221;0px&#8221; custom_css_menu_link__hover_enabled=&#8221;on|hover&#8221; custom_css_menu_link__hover=&#8221;text-decoration: underline;||opacity: 1!important;&#8221;][\/et_pb_fullwidth_menu][\/et_pb_section][et_pb_section fb_built=&#8221;1&#8243; _builder_version=&#8221;3.22&#8243;][et_pb_row _builder_version=&#8221;3.25&#8243; background_size=&#8221;initial&#8221; background_position=&#8221;top_left&#8221; background_repeat=&#8221;repeat&#8221;][et_pb_column type=&#8221;4_4&#8243; _builder_version=&#8221;3.25&#8243; custom_padding=&#8221;|||&#8221; custom_padding__hover=&#8221;|||&#8221;][et_pb_text _builder_version=&#8221;4.2.2&#8243; background_size=&#8221;initial&#8221; background_position=&#8221;top_left&#8221; background_repeat=&#8221;repeat&#8221;]<\/p>\n<h2><strong style=\"font-size: 14px;color: #666666\">David Trujillo <\/strong><span style=\"font-size: 14px;color: #666666\">(Granada, 1977)<\/span><\/h2>\n<p><span style=\"color: #000000\"><a href=\"mailto:dtrujillo@umh.es\" style=\"color: #000000\">dtrujillo@umh.es<\/a><\/span><\/p>\n<p>Doctor en Bellas Artes. Entre sus logros acad\u00e9micos destacan el Premio Extraordinario Nacional de la Licenciatura de Bellas Artes en el 2004 y la Beca de Formaci\u00f3n Profesorado Universitario (FPU) del Ministerio de Educaci\u00f3n y Ciencia (2005\/2009).<\/p>\n<p>Su trabajo, como consecuencia de su investigaci\u00f3n art\u00edstica, ha sido exhibido en diferentes ferias internacionales como: <em>SH Contemporary<\/em>, <em>ARCO<\/em> o <em>Estampa<\/em>, en \u00e9sta \u00faltima recibiendo el premio de la cr\u00edtica al mejor artista de <em>Tentaciones 07<\/em>; as\u00ed como en festivales: <em>Zootropio Short Film and Video festival<\/em> (2012) en Oporto, el <em>Festival eutop\u00eda<\/em> (2010) en C\u00f3rdoba o el <em>13\u00ba Canariasmediafest<\/em> (2008); o en convocatorias de arte p\u00fablico como: <em>In urbe II<\/em> Alicante (2005), obteniendo adem\u00e1s el premio especial del jurado, <em>XII L\u00b4Espai Trobat<\/em> (2004), <em>Art p\u00fablic\/universitat p\u00fablica<\/em> Valencia (2004), o el <em>Concurso de Escultura Urbana de Finestrat<\/em> (2004).<\/p>\n<p>As\u00ed como en exposiciones individuales: <em>Cuentos Hertzianos<\/em> (2019) en el Palacio de la Madraza en Granada, <em>I want to believe<\/em> (2017) en la Casa Bard\u00edn del Instituto de Cultura de Alicante, <em>The haunting sounds<\/em> (2014) en la Lonja de Alicante, <em>Pet show<\/em> un stage de Estampa 09, <em>En lo que va de a\u00f1o<\/em> representando a la Direcci\u00f3n General de Igualdad de Oportunidades del Ayuntamiento de Madrid en el Stand Institucional para <em>Estampa 08<\/em>; <em>Circuitos cerrados<\/em> en el M.U.A. de Alicante (2006); <em>Interiores<\/em> (2004) en el <em>Centro 14<\/em> de Alicante. Y en colectivas: <em>#365ALC_PAISATGE<\/em> en la Lonja de Alicante (2018), <em>Mardel 2018<\/em> en el Centro del Carmen de Valencia (2018), <em>Encuentros de Arte Contempor\u00e1neo<\/em> EAC (2017) en el MUA de Alicante, <em>La ventana indiscreta. 3-CMCV<\/em> (2014) Consorci de Museus de la Comunitat Valenciana en Alicante, Castell\u00f3n y Valencia; <em>Puntas de flecha<\/em> (2010) en Sala de las Atarazanas de Valencia y La Lonja de Alicante, <em>\u00bfQu\u00e9 es lo que hace a los espejismos de hoy tan diferentes, tan atractivos?<\/em> Factor\u00eda la Habana (2010) en Cuba y Santiago de Compostela, <em>X Mostra Internacional Uni\u00f3n Fenosa<\/em> (2008) en el Museo de Arte Contempor\u00e1neo UNION FENOSA\u2013MACUF en A Coru\u00f1a, <em>Artistas en acci\u00f3n<\/em> (2008) Galer\u00eda C5colecci\u00f3n en Santiago de Compostela, <em>Emergents<\/em> (2007) en la Barbera Espacio de arte Contempor\u00e1neo de Villajoyosa, <em>Doce dimensiones<\/em> (2005) en la Galer\u00eda Aural de Alicante, <em>artEduca: letras para las ni\u00f1as<\/em> (2004), en la Sala de Exposiciones Club Informaci\u00f3n de Alicante, organizada por UNICEF y Galer\u00eda Aural, entre otras.<br \/>Destacar tambi\u00e9n las becas art\u00edsticas y de residencia obtenidas como: <em>Banco Sabadell-Catedra de Arte Contempor\u00e1neo Antoni Mir\u00f3<\/em> (2018), Ayudas a la <em>Producci\u00f3n Art\u00edstica Universidad de Granada<\/em> (2018), <em>Cultura Resident<\/em> (2017) y <em>3CMCV<\/em> (2013) del Consorci de Museus de la Comunitat Valenciana, entre otras; y los premios obtenidos en diferentes convocatorias art\u00edsticas: Premio <em>Fernando Soria<\/em> (2018), <em>EAC<\/em> del Gil Albert (2017), Premio Nacional <em>CarsaArte<\/em> (2014), Primer Premio <em>XXXII Certamen de Minicuadros de Elda<\/em> (2011), Primer Premio <em>Miradas desde el dibujo y la fotograf\u00eda. Espacios naturales alicantinos<\/em> del Instituto Alicantino de Cultura Juan Gil-Albert (2010), Premio <em>Fundaci\u00f3n Jorge Ali\u00f3<\/em> en (2010), Premio <em>Desencaja 09<\/em>, Premio <em>Ideas y Propuestas para el arte en Espa\u00f1a<\/em> Ministerio de Cultura en (2008), <em>Miradas<\/em> en Fundaci\u00f3n Jorge Ali\u00f3 (2006), y los premios obtenidos en las diferentes <em>Convocatorias de Artes Pl\u00e1sticas de la Excma. Diputaci\u00f3n Provincial de Alicante<\/em>, por destacar algunos de los m\u00e1s representativos.<\/p>\n<p>Su obra, se encuentra en los fondos art\u00edsticos de instituciones como: la Universidad de Granada, la Fundaci\u00f3n Fernando Soria, la Excma. Diputaci\u00f3n Provincial de Alicante, el Instituto Alicantino de Cultura, el Museo Nacional Centro de Arte Reina Sof\u00eda (Departamento de Biblioteca y Centro de Documentaci\u00f3n), el MARQ de Alicante, la Universidad Miguel Hern\u00e1ndez de Elche, el Museo del Calzado Elda, la Fundaci\u00f3n Frax, el Excmo. Ayuntamiento de Alicante, el Museo Matt Lamb de Chicago, el Ayuntamiento de la Roda, la Fundaci\u00f3n ACTILIBRE, la Fundaci\u00f3n Concha M\u00e1rquez, la Fundaci\u00f3n Ali\u00f3, la Fundaci\u00f3n Benigar, el Programa desencaja Instituto Andaluz de la Juventud, el Fondo Talens, entre otros.<\/p>\n<p>En la actualidad su l\u00ednea de investigaci\u00f3n art\u00edstica se centra en las TICs, en los espacios hertzianos y en lo paranormal.<\/p>\n<p><span style=\"color: #000000\"><a href=\"http:\/\/www.davidtrujillo.es\/\" style=\"color: #000000\">www.davidtrujillo.es<\/a><\/span><\/p>\n<p>[\/et_pb_text][\/et_pb_column][\/et_pb_row][\/et_pb_section]<\/p>\n","protected":false},"excerpt":{"rendered":"<p>David Trujillo (Granada, 1977) dtrujillo@umh.es Doctor en Bellas Artes. Entre sus logros acad\u00e9micos destacan el Premio Extraordinario Nacional de la Licenciatura de Bellas Artes en el 2004 y la Beca de Formaci\u00f3n Profesorado Universitario (FPU) del Ministerio de Educaci\u00f3n y Ciencia (2005\/2009). Su trabajo, como consecuencia de su investigaci\u00f3n art\u00edstica, ha sido exhibido en diferentes [&hellip;]<\/p>\n","protected":false},"author":2710,"featured_media":0,"parent":0,"menu_order":4,"comment_status":"closed","ping_status":"closed","template":"","meta":{"_et_pb_use_builder":"on","_et_pb_old_content":"<p><strong>David Trujillo <\/strong>(Granada, 1977).<br \/><a href=\"mailto:dtrujillo@umh.es\">dtrujillo@umh.es<\/a><\/p><p>Doctor en Bellas Artes. Entre sus logros acad\u00e9micos destacan el Premio Extraordinario Nacional de la Licenciatura de Bellas Artes en el 2004 y la Beca de Formaci\u00f3n Profesorado Universitario (FPU) del Ministerio de Educaci\u00f3n y Ciencia (2005\/2009).<\/p><p>Su trabajo, como consecuencia de su investigaci\u00f3n art\u00edstica, ha sido exhibido en diferentes ferias internacionales como: <em>SH Contemporary<\/em>, <em>ARCO<\/em> o <em>Estampa<\/em>, en \u00e9sta \u00faltima recibiendo el premio de la cr\u00edtica al mejor artista de <em>Tentaciones 07<\/em>; as\u00ed como en festivales: <em>Zootropio Short Film and Video festival<\/em> (2012) en Oporto, el <em>Festival eutop\u00eda<\/em> (2010) en C\u00f3rdoba o el <em>13\u00ba Canariasmediafest<\/em> (2008); o en convocatorias de arte p\u00fablico como: <em>In urbe II<\/em> Alicante (2005), obteniendo adem\u00e1s el premio especial del jurado, <em>XII L\u00b4Espai Trobat<\/em> (2004), <em>Art p\u00fablic\/universitat p\u00fablica<\/em> Valencia (2004), o el <em>Concurso de Escultura Urbana de Finestrat<\/em> (2004).<\/p><p>As\u00ed como en exposiciones individuales: <em>Cuentos Hertzianos<\/em> (2019) en el Palacio de la Madraza en Granada, <em>I want to believe<\/em> (2017) en la Casa Bard\u00edn del Instituto de Cultura de Alicante, <em>The haunting sounds<\/em> (2014) en la Lonja de Alicante, <em>Pet show<\/em> un stage de Estampa 09, <em>En lo que va de a\u00f1o<\/em> representando a la Direcci\u00f3n General de Igualdad de Oportunidades del Ayuntamiento de Madrid en el Stand Institucional para <em>Estampa 08<\/em>; <em>Circuitos cerrados<\/em> en el M.U.A. de Alicante (2006); <em>Interiores<\/em> (2004) en el <em>Centro 14<\/em> de Alicante. Y en colectivas: <em>#365ALC_PAISATGE<\/em> en la Lonja de Alicante (2018), <em>Mardel 2018<\/em> en el Centro del Carmen de Valencia (2018), <em>Encuentros de Arte Contempor\u00e1neo<\/em> EAC (2017) en el MUA de Alicante, <em>La ventana indiscreta. 3-CMCV<\/em> (2014) Consorci de Museus de la Comunitat Valenciana en Alicante, Castell\u00f3n y Valencia; <em>Puntas de flecha<\/em> (2010) en Sala de las Atarazanas de Valencia y La Lonja de Alicante, <em>\u00bfQu\u00e9 es lo que hace a los espejismos de hoy tan diferentes, tan atractivos?<\/em> Factor\u00eda la Habana (2010) en Cuba y Santiago de Compostela, <em>X Mostra Internacional Uni\u00f3n Fenosa<\/em> (2008) en el Museo de Arte Contempor\u00e1neo UNION FENOSA\u2013MACUF en A Coru\u00f1a, <em>Artistas en acci\u00f3n<\/em> (2008) Galer\u00eda C5colecci\u00f3n en Santiago de Compostela, <em>Emergents<\/em> (2007) en la Barbera Espacio de arte Contempor\u00e1neo de Villajoyosa, <em>Doce dimensiones<\/em> (2005) en la Galer\u00eda Aural de Alicante, <em>artEduca: letras para las ni\u00f1as<\/em> (2004), en la Sala de Exposiciones Club Informaci\u00f3n de Alicante, organizada por UNICEF y Galer\u00eda Aural, entre otras.<br \/>Destacar tambi\u00e9n las becas art\u00edsticas y de residencia obtenidas como: <em>Banco Sabadell-Catedra de Arte Contempor\u00e1neo Antoni Mir\u00f3<\/em> (2018), Ayudas a la <em>Producci\u00f3n Art\u00edstica Universidad de Granada<\/em> (2018), <em>Cultura Resident<\/em> (2017) y <em>3CMCV<\/em> (2013) del Consorci de Museus de la Comunitat Valenciana, entre otras; y los premios obtenidos en diferentes convocatorias art\u00edsticas: Premio <em>Fernando Soria<\/em> (2018), <em>EAC<\/em> del Gil Albert (2017), Premio Nacional <em>CarsaArte<\/em> (2014), Primer Premio <em>XXXII Certamen de Minicuadros de Elda<\/em> (2011), Primer Premio <em>Miradas desde el dibujo y la fotograf\u00eda. Espacios naturales alicantinos<\/em> del Instituto Alicantino de Cultura Juan Gil-Albert (2010), Premio <em>Fundaci\u00f3n Jorge Ali\u00f3<\/em> en (2010), Premio <em>Desencaja 09<\/em>, Premio <em>Ideas y Propuestas para el arte en Espa\u00f1a<\/em> Ministerio de Cultura en (2008), <em>Miradas<\/em> en Fundaci\u00f3n Jorge Ali\u00f3 (2006), y los premios obtenidos en las diferentes <em>Convocatorias de Artes Pl\u00e1sticas de la Excma. Diputaci\u00f3n Provincial de Alicante<\/em>, por destacar algunos de los m\u00e1s representativos.<\/p><p>Su obra, se encuentra en los fondos art\u00edsticos de instituciones como: la Universidad de Granada, la Fundaci\u00f3n Fernando Soria, la Excma. Diputaci\u00f3n Provincial de Alicante, el Instituto Alicantino de Cultura, el Museo Nacional Centro de Arte Reina Sof\u00eda (Departamento de Biblioteca y Centro de Documentaci\u00f3n), el MARQ de Alicante, la Universidad Miguel Hern\u00e1ndez de Elche, el Museo del Calzado Elda, la Fundaci\u00f3n Frax, el Excmo. Ayuntamiento de Alicante, el Museo Matt Lamb de Chicago, el Ayuntamiento de la Roda, la Fundaci\u00f3n ACTILIBRE, la Fundaci\u00f3n Concha M\u00e1rquez, la Fundaci\u00f3n Ali\u00f3, la Fundaci\u00f3n Benigar, el Programa desencaja Instituto Andaluz de la Juventud, el Fondo Talens, entre otros.<\/p><p>En la actualidad su l\u00ednea de investigaci\u00f3n art\u00edstica se centra en las TICs, en los espacios hertzianos y en lo paranormal.<\/p><p><a href=\"http:\/\/www.davidtrujillo.es\/\">www.davidtrujillo.es<\/a><\/p>","_et_gb_content_width":"","_links_to":"","_links_to_target":""},"_links":{"self":[{"href":"https:\/\/maap.umh.es\/ca\/wp-json\/wp\/v2\/pages\/114"}],"collection":[{"href":"https:\/\/maap.umh.es\/ca\/wp-json\/wp\/v2\/pages"}],"about":[{"href":"https:\/\/maap.umh.es\/ca\/wp-json\/wp\/v2\/types\/page"}],"author":[{"embeddable":true,"href":"https:\/\/maap.umh.es\/ca\/wp-json\/wp\/v2\/users\/2710"}],"replies":[{"embeddable":true,"href":"https:\/\/maap.umh.es\/ca\/wp-json\/wp\/v2\/comments?post=114"}],"version-history":[{"count":0,"href":"https:\/\/maap.umh.es\/ca\/wp-json\/wp\/v2\/pages\/114\/revisions"}],"wp:attachment":[{"href":"https:\/\/maap.umh.es\/ca\/wp-json\/wp\/v2\/media?parent=114"}],"curies":[{"name":"wp","href":"https:\/\/api.w.org\/{rel}","templated":true}]}}