{"id":1269,"date":"2022-11-21T22:24:32","date_gmt":"2022-11-21T21:24:32","guid":{"rendered":"https:\/\/maap.umh.es\/?page_id=1269"},"modified":"2022-11-21T23:40:40","modified_gmt":"2022-11-21T22:40:40","slug":"esteticas-narrativas","status":"publish","type":"page","link":"https:\/\/maap.umh.es\/ca\/esteticas-narrativas\/","title":{"rendered":"<span lang=\"es\">(Espa\u00f1ol) Est\u00e9ticas narrativas e interactivas en los dispositivos mediales<\/span>"},"content":{"rendered":"<p>[et_pb_section fb_built=&#8221;1&#8243; _builder_version=&#8221;4.16&#8243; global_colors_info=&#8221;{}&#8221;][et_pb_row _builder_version=&#8221;4.16&#8243; background_size=&#8221;initial&#8221; background_position=&#8221;top_left&#8221; background_repeat=&#8221;repeat&#8221; global_colors_info=&#8221;{}&#8221;][et_pb_column type=&#8221;4_4&#8243; _builder_version=&#8221;4.16&#8243; custom_padding=&#8221;|||&#8221; global_colors_info=&#8221;{}&#8221; custom_padding__hover=&#8221;|||&#8221;][et_pb_text _builder_version=&#8221;4.16&#8243; background_size=&#8221;initial&#8221; background_position=&#8221;top_left&#8221; background_repeat=&#8221;repeat&#8221; global_colors_info=&#8221;{}&#8221;]<\/p>\n<h2 class=\"entry-title main_title\">Est\u00e9ticas narrativas e interactivas en los dispositivos mediales<\/h2>\n<p>Responsable: Jos\u00e9 Luis Maravall Llagaria<\/p>\n<p>Esta l\u00ednea analiza las estrategias narrativas \u2013t\u00e9cnicas y conceptuales\u2013 utilizadas por los medios audiovisuales tanto interactivos \u2013videojuegos, realidad virtual, dispositivos electr\u00f3nicos o electromec\u00e1nicos, narrativas hipertextuales\u2013 como no interactivos \u2013cine, v\u00eddeo, fotograf\u00eda\u2013, proponiendo un an\u00e1lisis cr\u00edtico de sus elementos constitutivos desde una perspectiva hist\u00f3rica y discursiva. <\/p>\n<p>Por una parte, analiza la estructura del dispositivo\/discurso f\u00edlmico, planteando estrategias \/ recursos \/ an\u00e1lisis que cuestionen y ampl\u00eden los l\u00edmites de la narrativa audiovisual, desde una modificaci\u00f3n de la relaci\u00f3n espectador \/ espacio \/ tiempo \/ discurso. Este an\u00e1lisis pr\u00e1ctico se desarrollar\u00e1 tanto desde el punto de vista conceptual\/hist\u00f3rico como desde la deconstrucci\u00f3n experimental y ret\u00f3rica de dichos enunciados.<\/p>\n<p>Por otra parte, interpreta la historia de las narrativas interactivas desde el estudio de los modos de comunicaci\u00f3n entre usuario y dispositivo \u2013expectativas, opciones, tipos de respuesta, etc\u2026\u2013 y las estrategias narrativas que generan. Aqu\u00ed de nuevo, tanto desde el punto de vista te\u00f3rico\/hist\u00f3rico como desde la deconstrucci\u00f3n experimental y ret\u00f3rica de dichos enunciados.<\/p>\n<p>[\/et_pb_text][\/et_pb_column][\/et_pb_row][\/et_pb_section]<\/p>\n","protected":false},"excerpt":{"rendered":"<p>Est\u00e9ticas narrativas e interactivas en los dispositivos mediales Responsable: Jos\u00e9 Luis Maravall Llagaria Esta l\u00ednea analiza las estrategias narrativas \u2013t\u00e9cnicas y conceptuales\u2013 utilizadas por los medios audiovisuales tanto interactivos \u2013videojuegos, realidad virtual, dispositivos electr\u00f3nicos o electromec\u00e1nicos, narrativas hipertextuales\u2013 como no interactivos \u2013cine, v\u00eddeo, fotograf\u00eda\u2013, proponiendo un an\u00e1lisis cr\u00edtico de sus elementos constitutivos desde una perspectiva [&hellip;]<\/p>\n","protected":false},"author":2710,"featured_media":0,"parent":0,"menu_order":0,"comment_status":"closed","ping_status":"closed","template":"","meta":{"_et_pb_use_builder":"on","_et_pb_old_content":"","_et_gb_content_width":"","_links_to":"","_links_to_target":""},"_links":{"self":[{"href":"https:\/\/maap.umh.es\/ca\/wp-json\/wp\/v2\/pages\/1269"}],"collection":[{"href":"https:\/\/maap.umh.es\/ca\/wp-json\/wp\/v2\/pages"}],"about":[{"href":"https:\/\/maap.umh.es\/ca\/wp-json\/wp\/v2\/types\/page"}],"author":[{"embeddable":true,"href":"https:\/\/maap.umh.es\/ca\/wp-json\/wp\/v2\/users\/2710"}],"replies":[{"embeddable":true,"href":"https:\/\/maap.umh.es\/ca\/wp-json\/wp\/v2\/comments?post=1269"}],"version-history":[{"count":0,"href":"https:\/\/maap.umh.es\/ca\/wp-json\/wp\/v2\/pages\/1269\/revisions"}],"wp:attachment":[{"href":"https:\/\/maap.umh.es\/ca\/wp-json\/wp\/v2\/media?parent=1269"}],"curies":[{"name":"wp","href":"https:\/\/api.w.org\/{rel}","templated":true}]}}