{"id":1275,"date":"2022-11-21T22:29:06","date_gmt":"2022-11-21T21:29:06","guid":{"rendered":"https:\/\/maap.umh.es\/?page_id=1275"},"modified":"2022-11-21T23:42:31","modified_gmt":"2022-11-21T22:42:31","slug":"paisaje-y-metapaisaje","status":"publish","type":"page","link":"https:\/\/maap.umh.es\/ca\/paisaje-y-metapaisaje\/","title":{"rendered":"<span lang=\"es\">(Espa\u00f1ol) Paisaje y metapaisaje en relaci\u00f3n a los medios art\u00edsticos y tecnol\u00f3gicos<\/span>"},"content":{"rendered":"<p>[et_pb_section fb_built=&#8221;1&#8243; _builder_version=&#8221;4.16&#8243; global_colors_info=&#8221;{}&#8221;][et_pb_row _builder_version=&#8221;4.16&#8243; background_size=&#8221;initial&#8221; background_position=&#8221;top_left&#8221; background_repeat=&#8221;repeat&#8221; global_colors_info=&#8221;{}&#8221;][et_pb_column type=&#8221;4_4&#8243; _builder_version=&#8221;4.16&#8243; custom_padding=&#8221;|||&#8221; global_colors_info=&#8221;{}&#8221; custom_padding__hover=&#8221;|||&#8221;][et_pb_text _builder_version=&#8221;4.16&#8243; background_size=&#8221;initial&#8221; background_position=&#8221;top_left&#8221; background_repeat=&#8221;repeat&#8221; global_colors_info=&#8221;{}&#8221;]<\/p>\n<h2 class=\"entry-title main_title\">Paisaje y <em>metapaisaje<\/em> en relaci\u00f3n a los medios art\u00edsticos y tecnol\u00f3gicos<\/h2>\n<p>Responsable: Jos\u00e9 Antonio Hinojos Morales<\/p>\n<p>La presente l\u00ednea de investigaci\u00f3n plantea un an\u00e1lisis de la relaci\u00f3n de la cultura tecnol\u00f3gica con la naturaleza y el territorio a partir de la idea de <em>palimpsesto<\/em> para entender la compleja y continua transformaci\u00f3n de la observaci\u00f3n, el registro y la representaci\u00f3n de la imagen del espacio terrestre.<\/p>\n<p>Desde la representaci\u00f3n pict\u00f3rica tradicional del paisaje, hasta la experiencia artificial e hipertextual de los entornos digitales contempor\u00e1neos, nuestra percepci\u00f3n e interacci\u00f3n con el entorno y la naturaleza han sido alteradas evolucionando hacia un estado cada vez m\u00e1s mediado tecnol\u00f3gicamente por los dispositivos digitales y audiovisuales, canalizados a trav\u00e9s de sus pantallas. Esta tendencia se refleja en numerosas manifestaciones art\u00edsticas contempor\u00e1neas que investigan el espacio y el territorio, mostrando a trav\u00e9s de enfoques multidisciplinares las diferentes visiones subjetivas en las que el paisaje real y ficticio es abordado desde el cuestionamiento cr\u00edtico de los modelos de representaci\u00f3n y conocimiento.<\/p>\n<p>En este sentido, se hace necesario el uso del concepto de <em>metapaisaje<\/em>, t\u00e9rmino constituido en el seno de la propia idea de paisaje pero diferenciado de \u00e9sta por trastocar muchos de los fundamentos que lo sostienen como g\u00e9nero y convenci\u00f3n. Las nuevas tecnolog\u00edas, los procesos de digitalizaci\u00f3n o el uso de internet y las telecomunicaciones han transformado los m\u00e9todos y modos de interactuar con el territorio, esto ha llevado a la constituci\u00f3n del <em>metapaisaje<\/em>, entendido este como una reactualizaci\u00f3n del paisaje hacia construcciones de naturaleza h\u00edbrida, multimedia y mutable (videojuegos, realidad virtual, metaversos, cartograf\u00edas digitales, &#8230;). A diferencia del paisaje est\u00e1tico y real, el <em>metapaisaje<\/em> nace de otra relaci\u00f3n con los medios, ofreciendo m\u00faltiples posibilidades de inmersividad, simulaci\u00f3n y ubicuidad al verse alteradas las convencionales concepciones del espacio y el tiempo.<\/p>\n<p>[\/et_pb_text][\/et_pb_column][\/et_pb_row][\/et_pb_section]<\/p>\n","protected":false},"excerpt":{"rendered":"<p>Paisaje y metapaisaje en relaci\u00f3n a los medios art\u00edsticos y tecnol\u00f3gicos Responsable: Jos\u00e9 Antonio Hinojos Morales La presente l\u00ednea de investigaci\u00f3n plantea un an\u00e1lisis de la relaci\u00f3n de la cultura tecnol\u00f3gica con la naturaleza y el territorio a partir de la idea de palimpsesto para entender la compleja y continua transformaci\u00f3n de la observaci\u00f3n, el [&hellip;]<\/p>\n","protected":false},"author":2710,"featured_media":0,"parent":0,"menu_order":0,"comment_status":"closed","ping_status":"closed","template":"","meta":{"_et_pb_use_builder":"on","_et_pb_old_content":"","_et_gb_content_width":"","_links_to":"","_links_to_target":""},"_links":{"self":[{"href":"https:\/\/maap.umh.es\/ca\/wp-json\/wp\/v2\/pages\/1275"}],"collection":[{"href":"https:\/\/maap.umh.es\/ca\/wp-json\/wp\/v2\/pages"}],"about":[{"href":"https:\/\/maap.umh.es\/ca\/wp-json\/wp\/v2\/types\/page"}],"author":[{"embeddable":true,"href":"https:\/\/maap.umh.es\/ca\/wp-json\/wp\/v2\/users\/2710"}],"replies":[{"embeddable":true,"href":"https:\/\/maap.umh.es\/ca\/wp-json\/wp\/v2\/comments?post=1275"}],"version-history":[{"count":0,"href":"https:\/\/maap.umh.es\/ca\/wp-json\/wp\/v2\/pages\/1275\/revisions"}],"wp:attachment":[{"href":"https:\/\/maap.umh.es\/ca\/wp-json\/wp\/v2\/media?parent=1275"}],"curies":[{"name":"wp","href":"https:\/\/api.w.org\/{rel}","templated":true}]}}