{"id":245,"date":"2021-05-05T18:19:19","date_gmt":"2021-05-05T16:19:19","guid":{"rendered":"https:\/\/maap.umh.es\/?page_id=245"},"modified":"2022-04-11T21:42:19","modified_gmt":"2022-04-11T19:42:19","slug":"el-taller-de-dispositivos-opticos-replicas","status":"publish","type":"page","link":"https:\/\/maap.umh.es\/ca\/dispositivos-opticos\/el-taller-de-dispositivos-opticos-replicas\/","title":{"rendered":"<span lang=\"es\">(Espa\u00f1ol) El taller de dispositivos \u00f3pticos: R\u00e9plicas<\/span>"},"content":{"rendered":"<p>[et_pb_section fb_built=&#8221;1&#8243; fullwidth=&#8221;on&#8221; admin_label=&#8221;Secci\u00f3n&#8221; _builder_version=&#8221;4.2.2&#8243; min_height=&#8221;36px&#8221; border_width_all=&#8221;2px&#8221; border_color_all=&#8221;rgba(51,51,51,0)&#8221; global_module=&#8221;709&#8243; saved_tabs=&#8221;all&#8221;][et_pb_fullwidth_menu menu_id=&#8221;298916&#8243; menu_style=&#8221;centered&#8221; submenu_direction=&#8221;downwards&#8221; fullwidth_menu=&#8221;on&#8221; active_link_color=&#8221;#000000&#8243; dropdown_menu_bg_color=&#8221;#8f8f8f&#8221; dropdown_menu_line_color=&#8221;rgba(0,0,0,0)&#8221; dropdown_menu_text_color=&#8221;#ffffff&#8221; dropdown_menu_active_link_color=&#8221;#000000&#8243; logo_url=&#8221;https:\/\/maap.umh.es\/&#8221; logo_max_width=&#8221;23%&#8221; disabled_on=&#8221;on|on|off&#8221; module_class=&#8221;menuNavegacion&#8221; _builder_version=&#8221;4.2.2&#8243; menu_font=&#8221;Noto Sans|||||||#e02b20|&#8221; menu_text_color=&#8221;#7a7a7a&#8221; menu_font_size=&#8221;15px&#8221; menu_letter_spacing=&#8221;0.5px&#8221; menu_line_height=&#8221;20px&#8221; background_layout=&#8221;dark&#8221; custom_padding=&#8221;0px||||false|false&#8221; custom_css_menu_link=&#8221;text-decoration: none;&#8221; border_color_all=&#8221;rgba(0,0,0,0)&#8221; border_width_bottom=&#8221;0px&#8221; custom_css_menu_link__hover_enabled=&#8221;on|hover&#8221; custom_css_menu_link__hover=&#8221;text-decoration: underline;||opacity: 1!important;&#8221;][\/et_pb_fullwidth_menu][\/et_pb_section][et_pb_section fb_built=&#8221;1&#8243; _builder_version=&#8221;3.22&#8243;][et_pb_row _builder_version=&#8221;3.25&#8243; background_size=&#8221;initial&#8221; background_position=&#8221;top_left&#8221; background_repeat=&#8221;repeat&#8221;][et_pb_column type=&#8221;4_4&#8243; _builder_version=&#8221;3.25&#8243; custom_padding=&#8221;|||&#8221; custom_padding__hover=&#8221;|||&#8221;][et_pb_text _builder_version=&#8221;4.2.2&#8243; background_size=&#8221;initial&#8221; background_position=&#8221;top_left&#8221; background_repeat=&#8221;repeat&#8221;]<\/p>\n<h2 class=\"entry-title main_title\">El taller de dispositivos \u00f3pticos: R\u00e9plicas<\/h2>\n<p>El taller de dispositivos \u00f3pticos de la Facultad de Bellas Artes de Altea funciona desde 2009, dirigido por los profesores Jos\u00e9 Vicente Mart\u00edn e Iv\u00e1n Albalate, con la colaboraci\u00f3n del profesor Jos\u00e9 Luis Maravall y el becario predoctoral Hugo Garc\u00eda (2008-2012).<\/p>\n<p>Nuestra investigaci\u00f3n se ha centrado en dispositivos \u00f3pticos pre-fotogr\u00e1ficos, creando r\u00e9plicas, variaciones y nuevos inventos como el \u00abvisor de dioramas con enfoque selectivo\u00bb.<\/p>\n<p>Si tienes inter\u00e9s en los planos de alguno de los dispositivos aqu\u00ed publicados, puedes ponerte en contacto con nosotros.<\/p>\n<p><strong><\/strong><\/p>\n<p><strong><\/strong><\/p>\n<p><strong>C\u00e1mara oscura de juguete<\/strong><\/p>\n<p><a href=\"https:\/\/maap.umh.es\/files\/2021\/06\/C\u00e1mara-oscuta-montada.jpg\"><img loading=\"lazy\" class=\"alignnone wp-image-251\" src=\"https:\/\/maap.umh.es\/files\/2021\/06\/C\u00e1mara-oscuta-montada-300x232.jpg\" alt=\"\" width=\"400\" height=\"309\" srcset=\"https:\/\/maap.umh.es\/files\/2021\/06\/C\u00e1mara-oscuta-montada-300x232.jpg 300w, https:\/\/maap.umh.es\/files\/2021\/06\/C\u00e1mara-oscuta-montada.jpg 482w\" sizes=\"(max-width: 400px) 100vw, 400px\" \/><\/a><\/p>\n<p><strong><\/strong><\/p>\n<p><strong><\/strong><\/p>\n<p><strong>C\u00e1mara oscura port\u00e1til (Siglo XVIII)<\/strong><\/p>\n<p><a href=\"https:\/\/maap.umh.es\/files\/2021\/06\/Portable-camera-obscura.jpg\"><img loading=\"lazy\" class=\"alignnone wp-image-329\" src=\"https:\/\/maap.umh.es\/files\/2021\/06\/Portable-camera-obscura-300x268.jpg\" alt=\"\" width=\"400\" height=\"357\" srcset=\"https:\/\/maap.umh.es\/files\/2021\/06\/Portable-camera-obscura-300x268.jpg 300w, https:\/\/maap.umh.es\/files\/2021\/06\/Portable-camera-obscura-768x685.jpg 768w, https:\/\/maap.umh.es\/files\/2021\/06\/Portable-camera-obscura-1024x914.jpg 1024w, https:\/\/maap.umh.es\/files\/2021\/06\/Portable-camera-obscura.jpg 1926w\" sizes=\"(max-width: 400px) 100vw, 400px\" \/><\/a><\/p>\n<p><strong><\/strong><\/p>\n<p><strong><\/strong><\/p>\n<p><strong>C\u00e1mara oscura de campa\u00f1a<\/strong><\/p>\n<p><a href=\"https:\/\/maap.umh.es\/files\/2021\/06\/Tent-type-camera-obscura.jpg\"><img loading=\"lazy\" class=\"alignnone wp-image-332\" src=\"https:\/\/maap.umh.es\/files\/2021\/06\/Tent-type-camera-obscura-132x300.jpg\" alt=\"\" width=\"300\" height=\"682\" srcset=\"https:\/\/maap.umh.es\/files\/2021\/06\/Tent-type-camera-obscura-132x300.jpg 132w, https:\/\/maap.umh.es\/files\/2021\/06\/Tent-type-camera-obscura-451x1024.jpg 451w, https:\/\/maap.umh.es\/files\/2021\/06\/Tent-type-camera-obscura.jpg 570w\" sizes=\"(max-width: 300px) 100vw, 300px\" \/><\/a><\/p>\n<p><strong><\/strong><\/p>\n<p><strong><\/strong><\/p>\n<p><strong>C\u00e1mara oscura vertical<\/strong><\/p>\n<p>Basada en:<br \/>Vermeer\u00b4s Camera, patente de A. K. Cross, 1934<\/p>\n<p><a href=\"https:\/\/maap.umh.es\/files\/2021\/06\/DSC_0371.jpg\"><img loading=\"lazy\" class=\"alignnone wp-image-335\" src=\"https:\/\/maap.umh.es\/files\/2021\/06\/DSC_0371-300x201.jpg\" alt=\"\" width=\"400\" height=\"268\" srcset=\"https:\/\/maap.umh.es\/files\/2021\/06\/DSC_0371-300x201.jpg 300w, https:\/\/maap.umh.es\/files\/2021\/06\/DSC_0371-768x514.jpg 768w, https:\/\/maap.umh.es\/files\/2021\/06\/DSC_0371-1024x685.jpg 1024w\" sizes=\"(max-width: 400px) 100vw, 400px\" \/><\/a><\/p>\n<p>Variaci\u00f3n:<\/p>\n<p><a href=\"https:\/\/maap.umh.es\/files\/2021\/06\/vertical-camera-obscura.jpg\"><img loading=\"lazy\" class=\"alignnone wp-image-338\" src=\"https:\/\/maap.umh.es\/files\/2021\/06\/vertical-camera-obscura-216x300.jpg\" alt=\"\" width=\"400\" height=\"556\" srcset=\"https:\/\/maap.umh.es\/files\/2021\/06\/vertical-camera-obscura-216x300.jpg 216w, https:\/\/maap.umh.es\/files\/2021\/06\/vertical-camera-obscura-768x1067.jpg 768w, https:\/\/maap.umh.es\/files\/2021\/06\/vertical-camera-obscura-737x1024.jpg 737w, https:\/\/maap.umh.es\/files\/2021\/06\/vertical-camera-obscura.jpg 1497w\" sizes=\"(max-width: 400px) 100vw, 400px\" \/><\/a><\/p>\n<p><strong><\/strong><\/p>\n<p><strong><\/strong><\/p>\n<p><strong>C\u00e1mara oscura desmontable<\/strong><\/p>\n<p><a href=\"https:\/\/maap.umh.es\/files\/2021\/06\/dismounstable-camera-obscura.jpg\"><img loading=\"lazy\" class=\"alignnone wp-image-341\" src=\"https:\/\/maap.umh.es\/files\/2021\/06\/dismounstable-camera-obscura-226x300.jpg\" alt=\"\" width=\"500\" height=\"663\" srcset=\"https:\/\/maap.umh.es\/files\/2021\/06\/dismounstable-camera-obscura-226x300.jpg 226w, https:\/\/maap.umh.es\/files\/2021\/06\/dismounstable-camera-obscura-768x1019.jpg 768w, https:\/\/maap.umh.es\/files\/2021\/06\/dismounstable-camera-obscura-772x1024.jpg 772w, https:\/\/maap.umh.es\/files\/2021\/06\/dismounstable-camera-obscura.jpg 1869w\" sizes=\"(max-width: 500px) 100vw, 500px\" \/><\/a><\/p>\n<p><strong><\/strong><\/p>\n<p><strong><\/strong><\/p>\n<p><strong>Poliorama pan\u00f3ptico<\/strong><\/p>\n<p>Original de P.H.A. Lefort (France, ca. 1850):<\/p>\n<p><a href=\"https:\/\/maap.umh.es\/files\/2021\/06\/Polyorama_moving_03.jpg\"><img loading=\"lazy\" class=\"alignnone wp-image-344\" src=\"https:\/\/maap.umh.es\/files\/2021\/06\/Polyorama_moving_03-300x218.jpg\" alt=\"\" width=\"400\" height=\"291\" srcset=\"https:\/\/maap.umh.es\/files\/2021\/06\/Polyorama_moving_03-300x218.jpg 300w, https:\/\/maap.umh.es\/files\/2021\/06\/Polyorama_moving_03.jpg 758w\" sizes=\"(max-width: 400px) 100vw, 400px\" \/><\/a><\/p>\n<p>R\u00e9plica:<\/p>\n<p><a href=\"https:\/\/maap.umh.es\/files\/2021\/06\/Polyorama-replica04.jpg\"><img loading=\"lazy\" class=\"alignnone wp-image-347\" src=\"https:\/\/maap.umh.es\/files\/2021\/06\/Polyorama-replica04-300x255.jpg\" alt=\"\" width=\"400\" height=\"340\" srcset=\"https:\/\/maap.umh.es\/files\/2021\/06\/Polyorama-replica04-300x255.jpg 300w, https:\/\/maap.umh.es\/files\/2021\/06\/Polyorama-replica04-768x652.jpg 768w, https:\/\/maap.umh.es\/files\/2021\/06\/Polyorama-replica04-1024x870.jpg 1024w, https:\/\/maap.umh.es\/files\/2021\/06\/Polyorama-replica04.jpg 1335w\" sizes=\"(max-width: 400px) 100vw, 400px\" \/><\/a><\/p>\n<p><a href=\"https:\/\/maap.umh.es\/files\/2021\/06\/Polyorama-replica01.jpg\"><img loading=\"lazy\" class=\"alignnone wp-image-350\" src=\"https:\/\/maap.umh.es\/files\/2021\/06\/Polyorama-replica01-300x294.jpg\" alt=\"\" width=\"400\" height=\"393\" srcset=\"https:\/\/maap.umh.es\/files\/2021\/06\/Polyorama-replica01-300x294.jpg 300w, https:\/\/maap.umh.es\/files\/2021\/06\/Polyorama-replica01-768x754.jpg 768w, https:\/\/maap.umh.es\/files\/2021\/06\/Polyorama-replica01-1024x1005.jpg 1024w, https:\/\/maap.umh.es\/files\/2021\/06\/Polyorama-replica01.jpg 1350w\" sizes=\"(max-width: 400px) 100vw, 400px\" \/><\/a><\/p>\n<p><a href=\"https:\/\/maap.umh.es\/files\/2021\/06\/Polyorama-replica03.jpg\"><img loading=\"lazy\" class=\"alignnone wp-image-353\" src=\"https:\/\/maap.umh.es\/files\/2021\/06\/Polyorama-replica03-300x257.jpg\" alt=\"\" width=\"400\" height=\"343\" srcset=\"https:\/\/maap.umh.es\/files\/2021\/06\/Polyorama-replica03-300x257.jpg 300w, https:\/\/maap.umh.es\/files\/2021\/06\/Polyorama-replica03-768x658.jpg 768w, https:\/\/maap.umh.es\/files\/2021\/06\/Polyorama-replica03-1024x878.jpg 1024w, https:\/\/maap.umh.es\/files\/2021\/06\/Polyorama-replica03.jpg 1492w\" sizes=\"(max-width: 400px) 100vw, 400px\" \/><\/a><\/p>\n<p>[\/et_pb_text][\/et_pb_column][\/et_pb_row][\/et_pb_section]<\/p>\n","protected":false},"excerpt":{"rendered":"<p>El taller de dispositivos \u00f3pticos: R\u00e9plicas El taller de dispositivos \u00f3pticos de la Facultad de Bellas Artes de Altea funciona desde 2009, dirigido por los profesores Jos\u00e9 Vicente Mart\u00edn e Iv\u00e1n Albalate, con la colaboraci\u00f3n del profesor Jos\u00e9 Luis Maravall y el becario predoctoral Hugo Garc\u00eda (2008-2012). Nuestra investigaci\u00f3n se ha centrado en dispositivos \u00f3pticos [&hellip;]<\/p>\n","protected":false},"author":2710,"featured_media":0,"parent":242,"menu_order":0,"comment_status":"closed","ping_status":"closed","template":"","meta":{"_et_pb_use_builder":"on","_et_pb_old_content":"<p>El taller de dispositivos \u00f3pticos de la Facultad de Bellas Artes de Altea funciona desde 2009, dirigido por los profesores Jos\u00e9 Vicente Mart\u00edn e Iv\u00e1n Albalate, con la colaboraci\u00f3n del profesor Jos\u00e9 Luis Maravall y el becario predoctoral Hugo Garc\u00eda (2008-2012).<\/p><p>Nuestra investigaci\u00f3n se ha centrado en dispositivos \u00f3pticos pre-fotogr\u00e1ficos, creando r\u00e9plicas, variaciones y nuevos inventos como el \u00abvisor de dioramas con enfoque selectivo\u00bb.<\/p><p>Si tienes inter\u00e9s en los planos de alguno de los dispositivos aqu\u00ed publicados, puedes ponerte en contacto con nosotros.<\/p><h4><span style=\"color: #ffffff;\">.<\/span><\/h4><h4>C\u00e1mara oscura de juguete<\/h4><p><a href=\"https:\/\/maap.umh.es\/files\/2021\/06\/C\u00e1mara-oscuta-montada.jpg\"><img class=\"alignnone wp-image-251\" src=\"https:\/\/maap.umh.es\/files\/2021\/06\/C\u00e1mara-oscuta-montada-300x232.jpg\" alt=\"\" width=\"400\" height=\"309\" \/><\/a><\/p><h4><span style=\"color: #ffffff;\">.<\/span><\/h4><h4>C\u00e1mara oscura port\u00e1til (Siglo XVIII)<\/h4><p><a href=\"https:\/\/maap.umh.es\/files\/2021\/06\/Portable-camera-obscura.jpg\"><img class=\"alignnone wp-image-329\" src=\"https:\/\/maap.umh.es\/files\/2021\/06\/Portable-camera-obscura-300x268.jpg\" alt=\"\" width=\"400\" height=\"357\" \/><\/a><\/p><h4><span style=\"color: #ffffff;\">.<\/span><\/h4><h4>C\u00e1mara oscura de campa\u00f1a<\/h4><p><a href=\"https:\/\/maap.umh.es\/files\/2021\/06\/Tent-type-camera-obscura.jpg\"><img class=\"alignnone wp-image-332\" src=\"https:\/\/maap.umh.es\/files\/2021\/06\/Tent-type-camera-obscura-132x300.jpg\" alt=\"\" width=\"300\" height=\"682\" \/><\/a><\/p><h4><span style=\"color: #ffffff;\">.<\/span><\/h4><h4>C\u00e1mara oscura vertical<\/h4><p>Basada en:<br \/>Vermeer\u00b4s Camera de A. K. Cross, 1934<\/p><p><a href=\"https:\/\/maap.umh.es\/files\/2021\/06\/DSC_0371.jpg\"><img class=\"alignnone wp-image-335\" src=\"https:\/\/maap.umh.es\/files\/2021\/06\/DSC_0371-300x201.jpg\" alt=\"\" width=\"400\" height=\"268\" \/><\/a><\/p><p><a href=\"https:\/\/drive.google.com\/file\/d\/0B3MO4hmca2QYOTB3NzNMeWZ3cHc\/view\">Patente de A. K. Cross<\/a><\/p><p><a href=\"https:\/\/maap.umh.es\/files\/2021\/06\/vertical-camera-obscura.jpg\"><img class=\"alignnone wp-image-338\" src=\"https:\/\/maap.umh.es\/files\/2021\/06\/vertical-camera-obscura-216x300.jpg\" alt=\"\" width=\"400\" height=\"556\" \/><\/a><\/p><h4><span style=\"color: #ffffff;\">.<\/span><\/h4><h4>C\u00e1mara oscura desmontable<\/h4><p><a href=\"https:\/\/maap.umh.es\/files\/2021\/06\/dismounstable-camera-obscura.jpg\"><img class=\"alignnone wp-image-341\" src=\"https:\/\/maap.umh.es\/files\/2021\/06\/dismounstable-camera-obscura-226x300.jpg\" alt=\"\" width=\"500\" height=\"663\" \/><\/a><\/p><h4><span style=\"color: #ffffff;\">.<\/span><\/h4><h4>Poliorama pan\u00f3ptico<\/h4><p>Original de P.H.A. Lefort (France, ca. 1850):<\/p><p><a href=\"https:\/\/maap.umh.es\/files\/2021\/06\/Polyorama_moving_03.jpg\"><img class=\"alignnone wp-image-344\" src=\"https:\/\/maap.umh.es\/files\/2021\/06\/Polyorama_moving_03-300x218.jpg\" alt=\"\" width=\"400\" height=\"291\" \/><\/a><\/p><p>R\u00e9plica:<\/p><p><a href=\"https:\/\/maap.umh.es\/files\/2021\/06\/Polyorama-replica04.jpg\"><img class=\"alignnone wp-image-347\" src=\"https:\/\/maap.umh.es\/files\/2021\/06\/Polyorama-replica04-300x255.jpg\" alt=\"\" width=\"400\" height=\"340\" \/><\/a><\/p><p><a href=\"https:\/\/maap.umh.es\/files\/2021\/06\/Polyorama-replica01.jpg\"><img class=\"alignnone wp-image-350\" src=\"https:\/\/maap.umh.es\/files\/2021\/06\/Polyorama-replica01-300x294.jpg\" alt=\"\" width=\"400\" height=\"393\" \/><\/a><\/p><p><a href=\"https:\/\/maap.umh.es\/files\/2021\/06\/Polyorama-replica03.jpg\"><img class=\"alignnone wp-image-353\" src=\"https:\/\/maap.umh.es\/files\/2021\/06\/Polyorama-replica03-300x257.jpg\" alt=\"\" width=\"400\" height=\"343\" \/><\/a><\/p>","_et_gb_content_width":"","_links_to":"","_links_to_target":""},"_links":{"self":[{"href":"https:\/\/maap.umh.es\/ca\/wp-json\/wp\/v2\/pages\/245"}],"collection":[{"href":"https:\/\/maap.umh.es\/ca\/wp-json\/wp\/v2\/pages"}],"about":[{"href":"https:\/\/maap.umh.es\/ca\/wp-json\/wp\/v2\/types\/page"}],"author":[{"embeddable":true,"href":"https:\/\/maap.umh.es\/ca\/wp-json\/wp\/v2\/users\/2710"}],"replies":[{"embeddable":true,"href":"https:\/\/maap.umh.es\/ca\/wp-json\/wp\/v2\/comments?post=245"}],"version-history":[{"count":0,"href":"https:\/\/maap.umh.es\/ca\/wp-json\/wp\/v2\/pages\/245\/revisions"}],"up":[{"embeddable":true,"href":"https:\/\/maap.umh.es\/ca\/wp-json\/wp\/v2\/pages\/242"}],"wp:attachment":[{"href":"https:\/\/maap.umh.es\/ca\/wp-json\/wp\/v2\/media?parent=245"}],"curies":[{"name":"wp","href":"https:\/\/api.w.org\/{rel}","templated":true}]}}