{"id":65,"date":"2019-05-28T13:25:10","date_gmt":"2019-05-28T11:25:10","guid":{"rendered":"http:\/\/maap.umh.es\/?page_id=65"},"modified":"2022-11-21T22:53:15","modified_gmt":"2022-11-21T21:53:15","slug":"publicaciones","status":"publish","type":"page","link":"https:\/\/maap.umh.es\/ca\/actividad\/publicaciones\/","title":{"rendered":"Publicacions"},"content":{"rendered":"<p>[et_pb_section fb_built=&#8221;1&#8243; _builder_version=&#8221;4.16&#8243; global_colors_info=&#8221;{}&#8221;][et_pb_row _builder_version=&#8221;4.16&#8243; background_size=&#8221;initial&#8221; background_position=&#8221;top_left&#8221; background_repeat=&#8221;repeat&#8221; global_colors_info=&#8221;{}&#8221;][et_pb_column type=&#8221;4_4&#8243; _builder_version=&#8221;4.16&#8243; custom_padding=&#8221;|||&#8221; global_colors_info=&#8221;{}&#8221; custom_padding__hover=&#8221;|||&#8221;][et_pb_text _builder_version=&#8221;4.16&#8243; background_size=&#8221;initial&#8221; background_position=&#8221;top_left&#8221; background_repeat=&#8221;repeat&#8221; global_colors_info=&#8221;{}&#8221;]<\/p>\n<h2>Publicaciones<\/h2>\n<p>&nbsp;<\/p>\n<p>&#8211; Luna Lozano, S. (2022).\u00a0 Recuerdos del Futuro. Derivas Mediales ante la Obsolescencia Tecnol\u00f3gica entre el Cine y la Fotograf\u00eda. <em>Barcelona, Research, Art, Creation<\/em>, 10(2), 143-167. <a href=\"https:\/\/doi.org\/10.17583\/brac.8304\">https:\/\/doi.org\/10.17583\/brac.8304<\/a><\/p>\n<p>&#8211; Luna Lozano, S. (2018). Un aire familiar. El devenir de la fotograf\u00eda compuesta como retrato de familia en la pr\u00e1ctica art\u00edstica. <em>Revista Sonda. Investigaci\u00f3n en Artes y Letras<\/em>, n\u00ba 7, pp. 217-228.<\/p>\n<p>&#8211; Luna Lozano, S. (2018). Ver sin mirar. El retrato sint\u00e9tico por visi\u00f3n artificial en la pr\u00e1ctica art\u00edstica. <em>ASRI, Arte y Sociedad Revista de Investigaci\u00f3n<\/em>. N\u00fam. 15. Jul. 2018. 241-255.\u00a0<\/p>\n<p>&#8211; Maravall Llagaria, J. L. y Mart\u00edn Mart\u00ednez, J. V. (2015). Pixel art. Est\u00e9tica de la necesidad o elogio del medio. <em>Arte y pol\u00edticas de identidad<\/em>. Vol. 12. Jun. 2015. 145-168. <a href=\"https:\/\/doi.org\/10.6018\/236111\">https:\/\/doi.org\/10.6018\/236111<\/a><\/p>\n<p>&#8211; Mart\u00edn Mart\u00ednez, J. V. (Ed.) (2022). <em>El retorno de lo nuevo. Arqueolog\u00eda de los medios y pr\u00e1ctica art\u00edstica<\/em>. Madrid: Abada.<\/p>\n<p>&#8211; Mart\u00edn Mart\u00ednez, J. V. y Maravall Llagaria, J. L. (2014). De los protocolos de digitalizaci\u00f3n a la edici\u00f3n cr\u00edtica de im\u00e1genes. Las portadas de Manolo Prieto para la revista literaria \u2018Novelas Y Cuentos\u2019 (1950-1959). <em>Revista Bellas Artes.<\/em> 12. Julio 2014. 51-78. <a href=\"https:\/\/riull.ull.es\/xmlui\/handle\/915\/6421\">https:\/\/riull.ull.es\/xmlui\/handle\/915\/6421<\/a><\/p>\n<p>&#8211; Mart\u00edn Mart\u00ednez, J. V. y Albalate Gauch\u00eda, I. (2018). Mirando dentro de la caja. El Visor de dioramas con enfoque selectivo como caso pr\u00e1ctico de arqueolog\u00eda de los medios. <em>Artnodes<\/em>. N.\u00ba 21. 89-98. <a href=\"http:\/\/dx.doi.org\/10.7238\/a.v0i21.3187\">http:\/\/dx.doi.org\/10.7238\/a.v0i21.3187<\/a><\/p>\n<p>&#8211; Mart\u00edn Mart\u00ednez, J. V. y Luna Lozano, S. (2019). El rostro sint\u00e9tico. Estrategias de representaci\u00f3n en torno al retrato artificial. <em>Artnodes<\/em>. N.\u00ba 23: 19-29. <a href=\"http:\/\/dx.doi.org\/10.7238\/a.v0i23.3186\">http:\/\/dx.doi.org\/10.7238\/a.v0i23.3186<\/a><\/p>\n<p>&#8211; Mart\u00edn Mart\u00ednez, J. V. (2018). <em>Zombie Cinema. Pr\u00e1cticas art\u00edsticas en la confluencia del cine y la arqueolog\u00eda de los medios.<\/em> En M. Mart\u00ednez Fabre y M. Herrero Herrero, Arte y cine. Movimientos art\u00edsticos y cinematogr\u00e1ficos tras 1945 (pp. 9-20). Alicante: Cinestesia.<\/p>\n<p>&#8211; Trujillo, D. y Naval\u00f3n, N. (2019). \u201cRevelando el espacio hertziano\u201d en: Zarza N\u00fa\u00f1ez, T &amp; S\u00e1nchez-Mo\u00f1ita, T. (Eds.). <em>Los Flujos de la imagen. ASRI<\/em>. n\u00ba 17: 122-139. Eumed.net-URJC. Recuperado de <a href=\"https:\/\/www.eumed.net\/rev\/asri\/17\/espacio-hertziano.html\">https:\/\/www.eumed.net\/rev\/asri\/17\/espacio-hertziano.html<\/a><\/p>\n<p>&#8211; Trujillo, D. y Naval\u00f3n, N. (2017). \u201cLa ciudad informacional, un site para el arte del siglo XXI\u201d.\u00a0<em>Arte y Ciudad &#8211; Revista de Investigaci\u00f3n<\/em>, N\u00ba 11 \u2013 Abril de 2017. 7-32. <a href=\"http:\/\/dx.doi.org\/10.22530\/ayc.2017.N11.403\">http:\/\/dx.doi.org\/10.22530\/ayc.2017.N11.403<\/a><\/p>\n<p>[\/et_pb_text][\/et_pb_column][\/et_pb_row][\/et_pb_section]<\/p>\n","protected":false},"excerpt":{"rendered":"<p>Publicaciones &nbsp; &#8211; Luna Lozano, S. (2022).\u00a0 Recuerdos del Futuro. Derivas Mediales ante la Obsolescencia Tecnol\u00f3gica entre el Cine y la Fotograf\u00eda. Barcelona, Research, Art, Creation, 10(2), 143-167. https:\/\/doi.org\/10.17583\/brac.8304 &#8211; Luna Lozano, S. (2018). Un aire familiar. El devenir de la fotograf\u00eda compuesta como retrato de familia en la pr\u00e1ctica art\u00edstica. Revista Sonda. Investigaci\u00f3n en [&hellip;]<\/p>\n","protected":false},"author":199,"featured_media":0,"parent":53,"menu_order":0,"comment_status":"closed","ping_status":"closed","template":"","meta":{"_et_pb_use_builder":"on","_et_pb_old_content":"<h2>Publicaciones<\/h2><ul><li>Maravall Llagaria, J. L. y Mart\u00edn Mart\u00ednez, J. V. (2015). Pixel art. Est\u00e9tica de la necesidad o elogio del medio. <em>Arte y pol\u00edticas de identidad<\/em>. Vol. 12. Jun. 2015. 145-168. <a href=\"https:\/\/doi.org\/10.6018\/236111\">https:\/\/doi.org\/10.6018\/236111<\/a><\/li><li>Mart\u00edn Mart\u00ednez, J. V. y Maravall Llagaria, J. L. (2014). De los protocolos de digitalizaci\u00f3n a la edici\u00f3n cr\u00edtica de im\u00e1genes. Las portadas de Manolo Prieto para la revista literaria \u2018Novelas Y Cuentos\u2019 (1950-1959). <em>Revista Bellas Artes.<\/em> 12. Julio 2014. 51-78. <a href=\"https:\/\/riull.ull.es\/xmlui\/handle\/915\/6421\">https:\/\/riull.ull.es\/xmlui\/handle\/915\/6421<\/a><\/li><li>Mart\u00edn Mart\u00ednez, J. V. y Albalate Gauch\u00eda, I. (2018). Mirando dentro de la caja. El Visor de dioramas con enfoque selectivo como caso pr\u00e1ctico de arqueolog\u00eda de los medios. <em>Artnodes<\/em>. N.\u00ba 21. 89-98. <a href=\"http:\/\/dx.doi.org\/10.7238\/a.v0i21.3187\">http:\/\/dx.doi.org\/10.7238\/a.v0i21.3187<\/a><\/li><li>Mart\u00edn Mart\u00ednez, J. V. y Luna Lozano, S. (2019). El rostro sint\u00e9tico. Estrategias de representaci\u00f3n en torno al retrato artificial. <em>Artnodes<\/em>. N.\u00ba 23: 19-29. <a href=\"http:\/\/dx.doi.org\/10.7238\/a.v0i23.3186\">http:\/\/dx.doi.org\/10.7238\/a.v0i23.3186<\/a><\/li><li>Mart\u00edn Mart\u00ednez, J. V. (2018). <em>Zombie Cinema. Pr\u00e1cticas art\u00edsticas en la confluencia del cine y la arqueolog\u00eda de los medios.<\/em> En M. Mart\u00ednez Fabre y M. Herrero Herrero, Arte y cine. Movimientos art\u00edsticos y cinematogr\u00e1ficos tras 1945 (pp. 9-20). Alicante: Cinestesia.<\/li><\/ul>","_et_gb_content_width":"","_links_to":"","_links_to_target":""},"_links":{"self":[{"href":"https:\/\/maap.umh.es\/ca\/wp-json\/wp\/v2\/pages\/65"}],"collection":[{"href":"https:\/\/maap.umh.es\/ca\/wp-json\/wp\/v2\/pages"}],"about":[{"href":"https:\/\/maap.umh.es\/ca\/wp-json\/wp\/v2\/types\/page"}],"author":[{"embeddable":true,"href":"https:\/\/maap.umh.es\/ca\/wp-json\/wp\/v2\/users\/199"}],"replies":[{"embeddable":true,"href":"https:\/\/maap.umh.es\/ca\/wp-json\/wp\/v2\/comments?post=65"}],"version-history":[{"count":0,"href":"https:\/\/maap.umh.es\/ca\/wp-json\/wp\/v2\/pages\/65\/revisions"}],"up":[{"embeddable":true,"href":"https:\/\/maap.umh.es\/ca\/wp-json\/wp\/v2\/pages\/53"}],"wp:attachment":[{"href":"https:\/\/maap.umh.es\/ca\/wp-json\/wp\/v2\/media?parent=65"}],"curies":[{"name":"wp","href":"https:\/\/api.w.org\/{rel}","templated":true}]}}