{"id":11,"date":"2019-05-23T11:18:28","date_gmt":"2019-05-23T11:18:28","guid":{"rendered":"http:\/\/maap.zeus.umh.es\/presentacion\/"},"modified":"2022-11-21T17:34:26","modified_gmt":"2022-11-21T16:34:26","slug":"presentacion","status":"publish","type":"page","link":"https:\/\/maap.umh.es\/en\/","title":{"rendered":"Presentaci\u00f3n"},"content":{"rendered":"<p>[et_pb_section fb_built=&#8221;1&#8243; _builder_version=&#8221;4.16&#8243; custom_padding=&#8221;120px|||||&#8221; global_colors_info=&#8221;{}&#8221;][et_pb_row _builder_version=&#8221;4.16&#8243; background_size=&#8221;initial&#8221; background_position=&#8221;top_left&#8221; background_repeat=&#8221;repeat&#8221; custom_margin=&#8221;-111px|auto||auto||&#8221; global_colors_info=&#8221;{}&#8221;][et_pb_column type=&#8221;4_4&#8243; _builder_version=&#8221;4.16&#8243; custom_padding=&#8221;|||&#8221; global_colors_info=&#8221;{}&#8221; custom_padding__hover=&#8221;|||&#8221;][et_pb_text _builder_version=&#8221;4.16&#8243; background_size=&#8221;initial&#8221; background_position=&#8221;top_left&#8221; background_repeat=&#8221;repeat&#8221; global_colors_info=&#8221;{}&#8221;]<\/p>\n<p>El grupo de investigaci\u00f3n <em>Arqueolog\u00eda de los medios y pr\u00e1ctica art\u00edstica <\/em>\u2013MAAP\u2013 propone un an\u00e1lisis te\u00f3rico-pr\u00e1ctico del uso de las metodolog\u00edas, recursos y dispositivos propios de los medios de masas y de las tecnolog\u00edas de la informaci\u00f3n y la representaci\u00f3n, utilizando para ello un enfoque metodol\u00f3gico cercano a lo que se conoce como arqueolog\u00eda de los medios.<\/p>\n<p>Dicho enfoque proviene de las ciencias sociales y las humanidades, pero tambi\u00e9n utiliza la pr\u00e1ctica art\u00edstica y la observaci\u00f3n cient\u00edfica como medios para el an\u00e1lisis y la reflexi\u00f3n. Se caracteriza por adoptar una visi\u00f3n no lineal de la historia de los medios de masas, buscar recurrencias y elementos que no han sido privilegiados por la historia tradicional y ortodoxa, y por poner el \u00e9nfasis m\u00e1s en la recepci\u00f3n cultural y social de los productos de los medios de comunicaci\u00f3n que en los aspectos estrictamente tecnol\u00f3gicos.<\/p>\n<p>En funci\u00f3n del an\u00e1lisis de dichas metodolog\u00edas, recursos y dispositivos propuestos, el grupo pretende incorporar el estado de la cuesti\u00f3n en el \u00e1mbito acad\u00e9mico espa\u00f1ol. Siendo un campo de estudio relativamente novedoso, se pretende crear en nuestro entorno con un marco referencial y documental que permita un crecimiento de lo que en el \u00e1mbito internacional es ya un campo de estudio relevante.<\/p>\n<p>Establecido el marco conceptual te\u00f3rico-pr\u00e1ctico, se propone su aplicaci\u00f3n en el an\u00e1lisis de casos concretos vinculados con las l\u00edneas de actuaci\u00f3n propuestas; generando resultados tanto en el \u00e1mbito de la reflexi\u00f3n te\u00f3rico-pr\u00e1ctica, como en la generaci\u00f3n de dispositivos y artefactos que busquen la interacci\u00f3n con el usuario, como \u00e1mbito propio de la investigaci\u00f3n basada en la pr\u00e1ctica, propio de las Bellas Artes.<\/p>\n<p>[\/et_pb_text][\/et_pb_column][\/et_pb_row][\/et_pb_section]<\/p>\n","protected":false},"excerpt":{"rendered":"<p>P\u00e1gina de presentaci\u00f3n de la unidad organizativa<\/p>\n","protected":false},"author":1,"featured_media":0,"parent":0,"menu_order":0,"comment_status":"closed","ping_status":"open","template":"","meta":{"_et_pb_use_builder":"on","_et_pb_old_content":"<p><img class=\"aligncenter wp-image-120\" src=\"https:\/\/maap.umh.es\/files\/2020\/06\/logo-01.png\" alt=\"\" width=\"400\" height=\"187\" \/><\/p><p>El grupo de investigaci\u00f3n <em>Arqueolog\u00eda de los medios y pr\u00e1ctica art\u00edstica <\/em>\u2013MAAP\u2013 propone un an\u00e1lisis te\u00f3rico-pr\u00e1ctico del uso de las metodolog\u00edas, recursos y dispositivos propios de los medios de masas y de las tecnolog\u00edas de la informaci\u00f3n y la representaci\u00f3n, utilizando para ello un enfoque metodol\u00f3gico cercano a lo que se conoce como arqueolog\u00eda de los medios.<\/p><p>Dicho enfoque proviene de las ciencias sociales y las humanidades, pero tambi\u00e9n utiliza la pr\u00e1ctica art\u00edstica y la observaci\u00f3n cient\u00edfica como medios para el an\u00e1lisis y la reflexi\u00f3n. Se caracteriza por adoptar una visi\u00f3n no lineal de la historia de los medios de masas, buscar recurrencias y elementos que no han sido privilegiados por la historia tradicional y ortodoxa, y por poner el \u00e9nfasis m\u00e1s en la recepci\u00f3n cultural y social de los productos de los medios de comunicaci\u00f3n que en los aspectos estrictamente tecnol\u00f3gicos.<\/p><p>En funci\u00f3n del an\u00e1lisis de dichas metodolog\u00edas, recursos y dispositivos propuestos, el grupo pretende incorporar el estado de la cuesti\u00f3n en el \u00e1mbito acad\u00e9mico espa\u00f1ol. Siendo un campo de estudio relativamente novedoso, se pretende crear en nuestro entorno con un marco referencial y documental que permita un crecimiento de lo que en el \u00e1mbito internacional es ya un campo de estudio relevante.<\/p><p>Establecido el marco conceptual te\u00f3rico-pr\u00e1ctico, se propone su aplicaci\u00f3n en el an\u00e1lisis de casos concretos vinculados con las l\u00edneas de actuaci\u00f3n propuestas; generando resultados tanto en el \u00e1mbito de la reflexi\u00f3n te\u00f3rico-pr\u00e1ctica, como en la generaci\u00f3n de dispositivos y artefactos que busquen la interacci\u00f3n con el usuario, como \u00e1mbito propio de la investigaci\u00f3n basada en la pr\u00e1ctica, propio de las Bellas Artes.<\/p>","_et_gb_content_width":"","_links_to":"","_links_to_target":""},"_links":{"self":[{"href":"https:\/\/maap.umh.es\/en\/wp-json\/wp\/v2\/pages\/11"}],"collection":[{"href":"https:\/\/maap.umh.es\/en\/wp-json\/wp\/v2\/pages"}],"about":[{"href":"https:\/\/maap.umh.es\/en\/wp-json\/wp\/v2\/types\/page"}],"author":[{"embeddable":true,"href":"https:\/\/maap.umh.es\/en\/wp-json\/wp\/v2\/users\/1"}],"replies":[{"embeddable":true,"href":"https:\/\/maap.umh.es\/en\/wp-json\/wp\/v2\/comments?post=11"}],"version-history":[{"count":0,"href":"https:\/\/maap.umh.es\/en\/wp-json\/wp\/v2\/pages\/11\/revisions"}],"wp:attachment":[{"href":"https:\/\/maap.umh.es\/en\/wp-json\/wp\/v2\/media?parent=11"}],"curies":[{"name":"wp","href":"https:\/\/api.w.org\/{rel}","templated":true}]}}