{"id":1299,"date":"2022-11-21T22:35:42","date_gmt":"2022-11-21T21:35:42","guid":{"rendered":"https:\/\/maap.umh.es\/?page_id=1299"},"modified":"2022-11-21T23:40:31","modified_gmt":"2022-11-21T22:40:31","slug":"el-espacio-hertziano","status":"publish","type":"page","link":"https:\/\/maap.umh.es\/en\/el-espacio-hertziano\/","title":{"rendered":"<span lang=\"es\">(Espa\u00f1ol) El espacio hertziano como site<\/span>"},"content":{"rendered":"<p>[et_pb_section fb_built=&#8221;1&#8243; _builder_version=&#8221;4.16&#8243; global_colors_info=&#8221;{}&#8221;][et_pb_row _builder_version=&#8221;4.16&#8243; background_size=&#8221;initial&#8221; background_position=&#8221;top_left&#8221; background_repeat=&#8221;repeat&#8221; global_colors_info=&#8221;{}&#8221;][et_pb_column type=&#8221;4_4&#8243; _builder_version=&#8221;4.16&#8243; custom_padding=&#8221;|||&#8221; global_colors_info=&#8221;{}&#8221; custom_padding__hover=&#8221;|||&#8221;][et_pb_text _builder_version=&#8221;4.16&#8243; background_size=&#8221;initial&#8221; background_position=&#8221;top_left&#8221; background_repeat=&#8221;repeat&#8221; global_colors_info=&#8221;{}&#8221;]<\/p>\n<h2 class=\"entry-title main_title\">El espacio hertziano como <em>site<\/em><\/h2>\n<p>Responsable: David Trujillo Ruiz<\/p>\n<p>Esta l\u00ednea analiza el modo en que se ha configurado el espacio hertziano actual, como un nuevo <em>site<\/em> para el arte, resultante de la expansi\u00f3n de los medios de comunicaci\u00f3n hacia las tecnolog\u00edas inal\u00e1mbricas. Este estudio contextualiza estas pr\u00e1cticas tanto desde su car\u00e1cter experimental, discursivo como desde su evoluci\u00f3n hist\u00f3rica \u2013t\u00e9cnica\/social\/pol\u00edtica\u2013.<\/p>\n<p>La l\u00ednea se centrar\u00e1 en el estudio de casos de aquellas creaciones que hacen perceptible dicho espacio \u2013sus contornos, l\u00edmites, fuerzas, relaciones con el espacio f\u00edsico, etc\u2013. utilizando cualquier tecnolog\u00eda inal\u00e1mbrica o aparato electr\u00f3nico, dentro de todo el espectro radioel\u00e9ctrico (telecomunicaciones) y ciertos tipos de frecuencias del campo electromagn\u00e9tico. <\/p>\n<p>A partir de ellos se definir\u00e1 una tipolog\u00eda que atienda a las caracter\u00edsticas de esas obras entendiendo que este espacio se conmensura desde la pr\u00e1ctica art\u00edstica a partir de cuatro modos: a trav\u00e9s de lo visual (visualizaci\u00f3n); a trav\u00e9s del sonido (sonificaci\u00f3n); a trav\u00e9s de lo audiovisual (visualizaci\u00f3n y sonificaci\u00f3n) donde lo visual se complementa con el sonido; y a trav\u00e9s del resto de sentidos (tangibilizaci\u00f3n).<\/p>\n<p>[\/et_pb_text][\/et_pb_column][\/et_pb_row][\/et_pb_section]<\/p>\n","protected":false},"excerpt":{"rendered":"<p>El espacio hertziano como site Responsable: David Trujillo Ruiz Esta l\u00ednea analiza el modo en que se ha configurado el espacio hertziano actual, como un nuevo site para el arte, resultante de la expansi\u00f3n de los medios de comunicaci\u00f3n hacia las tecnolog\u00edas inal\u00e1mbricas. Este estudio contextualiza estas pr\u00e1cticas tanto desde su car\u00e1cter experimental, discursivo como [&hellip;]<\/p>\n","protected":false},"author":2710,"featured_media":0,"parent":0,"menu_order":0,"comment_status":"closed","ping_status":"closed","template":"","meta":{"_et_pb_use_builder":"on","_et_pb_old_content":"","_et_gb_content_width":"","_links_to":"","_links_to_target":""},"_links":{"self":[{"href":"https:\/\/maap.umh.es\/en\/wp-json\/wp\/v2\/pages\/1299"}],"collection":[{"href":"https:\/\/maap.umh.es\/en\/wp-json\/wp\/v2\/pages"}],"about":[{"href":"https:\/\/maap.umh.es\/en\/wp-json\/wp\/v2\/types\/page"}],"author":[{"embeddable":true,"href":"https:\/\/maap.umh.es\/en\/wp-json\/wp\/v2\/users\/2710"}],"replies":[{"embeddable":true,"href":"https:\/\/maap.umh.es\/en\/wp-json\/wp\/v2\/comments?post=1299"}],"version-history":[{"count":0,"href":"https:\/\/maap.umh.es\/en\/wp-json\/wp\/v2\/pages\/1299\/revisions"}],"wp:attachment":[{"href":"https:\/\/maap.umh.es\/en\/wp-json\/wp\/v2\/media?parent=1299"}],"curies":[{"name":"wp","href":"https:\/\/api.w.org\/{rel}","templated":true}]}}