{"id":47,"date":"2019-05-28T13:08:59","date_gmt":"2019-05-28T11:08:59","guid":{"rendered":"http:\/\/maap.umh.es\/?page_id=47"},"modified":"2022-11-21T17:56:27","modified_gmt":"2022-11-21T16:56:27","slug":"miembros","status":"publish","type":"page","link":"https:\/\/maap.umh.es\/en\/miembros\/","title":{"rendered":"Members"},"content":{"rendered":"<p>[et_pb_section fb_built=&#8221;1&#8243; _builder_version=&#8221;4.16&#8243; global_colors_info=&#8221;{}&#8221;][et_pb_row _builder_version=&#8221;4.16&#8243; background_size=&#8221;initial&#8221; background_position=&#8221;top_left&#8221; background_repeat=&#8221;repeat&#8221; global_colors_info=&#8221;{}&#8221;][et_pb_column type=&#8221;4_4&#8243; _builder_version=&#8221;4.16&#8243; custom_padding=&#8221;|||&#8221; global_colors_info=&#8221;{}&#8221; custom_padding__hover=&#8221;|||&#8221;][et_pb_text _builder_version=&#8221;4.16&#8243; background_size=&#8221;initial&#8221; background_position=&#8221;top_left&#8221; background_repeat=&#8221;repeat&#8221; hover_enabled=&#8221;0&#8243; global_colors_info=&#8221;{}&#8221; sticky_enabled=&#8221;0&#8243;]<\/p>\n<h2>Miembros<\/h2>\n<p>&nbsp;<\/p>\n<p><span style=\"color: #000000\"><a href=\"https:\/\/maap.umh.es\/miembros\/jose-vicente-martin-martinez\/\" style=\"color: #000000\">Jos\u00e9 Vicente Mart\u00edn Mart\u00ednez<\/a><\/span><\/p>\n<p><span style=\"color: #000000\"><a href=\"https:\/\/maap.umh.es\/miembros\/ivan-albalate-gauchia\/\" style=\"color: #000000\">Iv\u00e1n Albalate Gauch\u00eda<\/a><\/span><\/p>\n<p><span style=\"color: #000000\"><a href=\"https:\/\/maap.umh.es\/miembros\/jose-luis-maravall-llagaria\/\" style=\"color: #000000\">Jos\u00e9 Luis Maravall Llagaria<\/a><\/span><\/p>\n<p><span style=\"color: #000000\"><a href=\"https:\/\/maap.umh.es\/miembros\/david-trujillo-ruiz\/\" style=\"color: #000000\">David Trujillo Ruiz<\/a><\/span><\/p>\n<p><span style=\"color: #000000\"><a href=\"https:\/\/maap.umh.es\/miembros\/jose-antonio-hinojos-morales\/\" style=\"color: #000000\">Jos\u00e9 Antonio Hinojos Morales<\/a><\/span><\/p>\n<p><span style=\"color: #000000\"><a href=\"https:\/\/maap.umh.es\/miembros\/sergio-luna-lozano\/\" style=\"color: #000000\">Sergio Luna Lozano<\/a><\/span><\/p>\n<p>[\/et_pb_text][\/et_pb_column][\/et_pb_row][\/et_pb_section]<\/p>\n","protected":false},"excerpt":{"rendered":"<p>Miembros &nbsp; Jos\u00e9 Vicente Mart\u00edn Mart\u00ednez Iv\u00e1n Albalate Gauch\u00eda Jos\u00e9 Luis Maravall Llagaria David Trujillo Ruiz Jos\u00e9 Antonio Hinojos Morales Sergio Luna Lozano<\/p>\n","protected":false},"author":199,"featured_media":0,"parent":0,"menu_order":1,"comment_status":"closed","ping_status":"closed","template":"","meta":{"_et_pb_use_builder":"on","_et_pb_old_content":"<p><a href=\"https:\/\/maap.umh.es\/miembros\/jose-vicente-martin-martinez\/\">JOS\u00c9 VICENTE MART\u00cdN MART\u00cdNEZ<\/a><\/p><p><a href=\"https:\/\/maap.umh.es\/miembros\/ivan-albalate-gauchia\/\">IV\u00c1N ALBALATE GAUCH\u00cdA<\/a><\/p><p><a href=\"https:\/\/maap.umh.es\/miembros\/jose-luis-maravall-llagaria\/\">JOS\u00c9 LUIS MARAVALL LLAGARIA<\/a><\/p><p><a href=\"https:\/\/maap.umh.es\/miembros\/david-trujillo-ruiz\/\">DAVID TRUJILLO RUIZ<\/a><\/p><p><a href=\"https:\/\/maap.umh.es\/miembros\/jose-antonio-hinojos-morales\/\">JOS\u00c9 ANTONIO HINOJOS MORALES<\/a><\/p><p><a href=\"https:\/\/maap.umh.es\/miembros\/sergio-luna-lozano\/\">SERGIO LUNA LOZANO<\/a><\/p>","_et_gb_content_width":"","_links_to":"","_links_to_target":""},"_links":{"self":[{"href":"https:\/\/maap.umh.es\/en\/wp-json\/wp\/v2\/pages\/47"}],"collection":[{"href":"https:\/\/maap.umh.es\/en\/wp-json\/wp\/v2\/pages"}],"about":[{"href":"https:\/\/maap.umh.es\/en\/wp-json\/wp\/v2\/types\/page"}],"author":[{"embeddable":true,"href":"https:\/\/maap.umh.es\/en\/wp-json\/wp\/v2\/users\/199"}],"replies":[{"embeddable":true,"href":"https:\/\/maap.umh.es\/en\/wp-json\/wp\/v2\/comments?post=47"}],"version-history":[{"count":0,"href":"https:\/\/maap.umh.es\/en\/wp-json\/wp\/v2\/pages\/47\/revisions"}],"wp:attachment":[{"href":"https:\/\/maap.umh.es\/en\/wp-json\/wp\/v2\/media?parent=47"}],"curies":[{"name":"wp","href":"https:\/\/api.w.org\/{rel}","templated":true}]}}