{"id":77,"date":"2019-05-28T13:34:28","date_gmt":"2019-05-28T11:34:28","guid":{"rendered":"http:\/\/maap.umh.es\/?page_id=77"},"modified":"2022-11-21T22:55:07","modified_gmt":"2022-11-21T21:55:07","slug":"patentes","status":"publish","type":"page","link":"https:\/\/maap.umh.es\/en\/actividad\/patentes\/","title":{"rendered":"Patents"},"content":{"rendered":"<p>[et_pb_section fb_built=&#8221;1&#8243; _builder_version=&#8221;4.16&#8243; global_colors_info=&#8221;{}&#8221;][et_pb_row _builder_version=&#8221;4.16&#8243; background_size=&#8221;initial&#8221; background_position=&#8221;top_left&#8221; background_repeat=&#8221;repeat&#8221; global_colors_info=&#8221;{}&#8221;][et_pb_column type=&#8221;4_4&#8243; _builder_version=&#8221;4.16&#8243; custom_padding=&#8221;|||&#8221; global_colors_info=&#8221;{}&#8221; custom_padding__hover=&#8221;|||&#8221;][et_pb_text _builder_version=&#8221;4.16&#8243; background_size=&#8221;initial&#8221; background_position=&#8221;top_left&#8221; background_repeat=&#8221;repeat&#8221; global_colors_info=&#8221;{}&#8221;]<\/p>\n<h2>Patentes<\/h2>\n<p><em><\/em><\/p>\n<p><em><a href=\"https:\/\/drive.google.com\/file\/d\/0B3MO4hmca2QYekQ0d0FGSEcycWM\/view\" target=\"_blank\" rel=\"noopener noreferrer\">Visor de dioramas con enfoque selectivo<\/a><\/em><br \/>N\u00famero: 201100414<br \/>Fecha de admisi\u00f3n a tr\u00e1mite por la Oficina Espa\u00f1ola de Patentes y Marcas: 8 de abril de 2011<br \/>Organismo: Universidad Miguel Hern\u00e1ndez de Elche<br \/>Inventores: Jos\u00e9 Vicente Mart\u00edn Mart\u00ednez, Inocencio Galindo Mateo, Iv\u00e1n Albalate Gauch\u00eda.<br \/>ESTADO: Concedida con fecha 16\/6\/2014. Publicada en el Bolet\u00edn Oficial de la Propiedad Industrial de 24\/06\/2014.<\/p>\n<p>[\/et_pb_text][\/et_pb_column][\/et_pb_row][\/et_pb_section]<\/p>\n","protected":false},"excerpt":{"rendered":"<p>Patentes Visor de dioramas con enfoque selectivoN\u00famero: 201100414Fecha de admisi\u00f3n a tr\u00e1mite por la Oficina Espa\u00f1ola de Patentes y Marcas: 8 de abril de 2011Organismo: Universidad Miguel Hern\u00e1ndez de ElcheInventores: Jos\u00e9 Vicente Mart\u00edn Mart\u00ednez, Inocencio Galindo Mateo, Iv\u00e1n Albalate Gauch\u00eda.ESTADO: Concedida con fecha 16\/6\/2014. Publicada en el Bolet\u00edn Oficial de la Propiedad Industrial de 24\/06\/2014.<\/p>\n","protected":false},"author":199,"featured_media":0,"parent":53,"menu_order":5,"comment_status":"closed","ping_status":"closed","template":"","meta":{"_et_pb_use_builder":"on","_et_pb_old_content":"<p><em><a href=\"https:\/\/drive.google.com\/file\/d\/0B3MO4hmca2QYekQ0d0FGSEcycWM\/view\" target=\"_blank\" rel=\"noopener noreferrer\">Visor de dioramas con enfoque selectivo<\/a><\/em><br \/>N\u00famero: 201100414<br \/>Fecha de admisi\u00f3n a tr\u00e1mite por la Oficina Espa\u00f1ola de Patentes y Marcas: 8 de abril de 2011<br \/>Organismo: Universidad Miguel Hern\u00e1ndez de Elche<br \/>Inventores: Jos\u00e9 Vicente Mart\u00edn Mart\u00ednez, Inocencio Galindo Mateo, Iv\u00e1n Albalate Gauch\u00eda.<br \/>ESTADO: Concedida con fecha 16\/6\/2014. Publicada en el Bolet\u00edn Oficial de la Propiedad Industrial de 24\/06\/2014.<\/p>","_et_gb_content_width":"","_links_to":"","_links_to_target":""},"_links":{"self":[{"href":"https:\/\/maap.umh.es\/en\/wp-json\/wp\/v2\/pages\/77"}],"collection":[{"href":"https:\/\/maap.umh.es\/en\/wp-json\/wp\/v2\/pages"}],"about":[{"href":"https:\/\/maap.umh.es\/en\/wp-json\/wp\/v2\/types\/page"}],"author":[{"embeddable":true,"href":"https:\/\/maap.umh.es\/en\/wp-json\/wp\/v2\/users\/199"}],"replies":[{"embeddable":true,"href":"https:\/\/maap.umh.es\/en\/wp-json\/wp\/v2\/comments?post=77"}],"version-history":[{"count":0,"href":"https:\/\/maap.umh.es\/en\/wp-json\/wp\/v2\/pages\/77\/revisions"}],"up":[{"embeddable":true,"href":"https:\/\/maap.umh.es\/en\/wp-json\/wp\/v2\/pages\/53"}],"wp:attachment":[{"href":"https:\/\/maap.umh.es\/en\/wp-json\/wp\/v2\/media?parent=77"}],"curies":[{"name":"wp","href":"https:\/\/api.w.org\/{rel}","templated":true}]}}